{"id":2,"date":"2024-09-24T14:45:39","date_gmt":"2024-09-24T14:45:39","guid":{"rendered":"https:\/\/rromerocarretero.ieti.site\/wordpress\/?page_id=2"},"modified":"2025-02-11T23:11:15","modified_gmt":"2025-02-11T23:11:15","slug":"sample-page","status":"publish","type":"page","link":"https:\/\/rromerocarretero.ieti.site\/wordpress\/sample-page\/","title":{"rendered":"P\u00e1gina de Ejemplo"},"content":{"rendered":"<h3 data-start=\"0\" data-end=\"36\">Esta es una p\u00e1gina de ejemplo.<\/h3>\r\n<p data-start=\"38\" data-end=\"324\">Es diferente de una publicaci\u00f3n de blog porque permanecer\u00e1 en un solo lugar y aparecer\u00e1 en la navegaci\u00f3n de tu sitio (en la mayor\u00eda de los temas). La mayor\u00eda de las personas comienzan con una p\u00e1gina \u00abAcerca de\u00bb para presentarse a los visitantes del sitio. Podr\u00eda decir algo como esto:<\/p>\r\n<blockquote data-start=\"326\" data-end=\"537\">\r\n<p data-start=\"328\" data-end=\"537\">\u00a1Hola! Soy mensajero en bicicleta de d\u00eda, aspirante a actor de noche, y este es mi sitio web. Vivo en Los \u00c1ngeles, tengo un gran perro llamado Jack y me gustan las pi\u00f1as coladas. (Y que me atrape la lluvia).<\/p>\r\n<\/blockquote>\r\n<p data-start=\"539\" data-end=\"561\">&#8230;o algo como esto:<\/p>\r\n<blockquote data-start=\"563\" data-end=\"815\">\r\n<p data-start=\"565\" data-end=\"815\">La empresa XYZ Doohickey fue fundada en 1971 y ha estado proporcionando doohickeys de calidad al p\u00fablico desde entonces. Ubicada en Gotham City, XYZ emplea a m\u00e1s de 2,000 personas y realiza todo tipo de cosas incre\u00edbles para la comunidad de Gotham.<\/p>\r\n<\/blockquote>\r\n<p data-start=\"817\" data-end=\"970\" data-is-last-node=\"\">Si eres un nuevo usuario de WordPress, deber\u00edas ir a tu panel de control para eliminar esta p\u00e1gina y crear nuevas p\u00e1ginas para tu contenido. \u00a1Divi\u00e9rtete!<\/p>","protected":false},"excerpt":{"rendered":"<p>Esta es una p\u00e1gina de ejemplo. Es diferente de una publicaci\u00f3n de blog porque permanecer\u00e1 en un solo lugar y aparecer\u00e1 en la navegaci\u00f3n de tu sitio (en la mayor\u00eda de los temas). La mayor\u00eda de las personas comienzan con una p\u00e1gina \u00abAcerca de\u00bb para presentarse a los visitantes del sitio. Podr\u00eda decir algo como [&hellip;]<\/p>\n","protected":false},"author":1,"featured_media":0,"parent":0,"menu_order":0,"comment_status":"closed","ping_status":"open","template":"","meta":{"footnotes":""},"class_list":["post-2","page","type-page","status-publish","hentry"],"jetpack_sharing_enabled":true,"_links":{"self":[{"href":"https:\/\/rromerocarretero.ieti.site\/wordpress\/wp-json\/wp\/v2\/pages\/2","targetHints":{"allow":["GET"]}}],"collection":[{"href":"https:\/\/rromerocarretero.ieti.site\/wordpress\/wp-json\/wp\/v2\/pages"}],"about":[{"href":"https:\/\/rromerocarretero.ieti.site\/wordpress\/wp-json\/wp\/v2\/types\/page"}],"author":[{"embeddable":true,"href":"https:\/\/rromerocarretero.ieti.site\/wordpress\/wp-json\/wp\/v2\/users\/1"}],"replies":[{"embeddable":true,"href":"https:\/\/rromerocarretero.ieti.site\/wordpress\/wp-json\/wp\/v2\/comments?post=2"}],"version-history":[{"count":1,"href":"https:\/\/rromerocarretero.ieti.site\/wordpress\/wp-json\/wp\/v2\/pages\/2\/revisions"}],"predecessor-version":[{"id":470,"href":"https:\/\/rromerocarretero.ieti.site\/wordpress\/wp-json\/wp\/v2\/pages\/2\/revisions\/470"}],"wp:attachment":[{"href":"https:\/\/rromerocarretero.ieti.site\/wordpress\/wp-json\/wp\/v2\/media?parent=2"}],"curies":[{"name":"wp","href":"https:\/\/api.w.org\/{rel}","templated":true}]}}