{"id":306,"date":"2024-12-13T14:27:35","date_gmt":"2024-12-13T14:27:35","guid":{"rendered":"https:\/\/rromerocarretero.ieti.site\/wordpress\/?post_type=product&#038;p=306"},"modified":"2025-01-17T10:45:55","modified_gmt":"2025-01-17T10:45:55","slug":"306","status":"publish","type":"product","link":"https:\/\/rromerocarretero.ieti.site\/wordpress\/producto\/306\/","title":{"rendered":"Zappi Co &#8211; Peluche con chirriador"},"content":{"rendered":"<h1 class=\"a-size-base-plus a-text-bold\">Acerca de este producto<\/h1>\n<ul class=\"a-unordered-list a-vertical a-spacing-mini\">\n<li class=\"a-spacing-mini\"><span class=\"a-list-item\"> Dise\u00f1o de animal dulce \u2013 Con un encantador dise\u00f1o de hipop\u00f3tamo-drag\u00f3n rosa, este juguete de peluche es tanto adorable como llamativo, convirti\u00e9ndolo en un favorito instant\u00e1neo para perros de todas las edades y tama\u00f1os. <\/span><\/li>\n<li class=\"a-spacing-mini\"><span class=\"a-list-item\"> Fabricado con pana, este juguete combina durabilidad con un tacto suave, protegiendo los dientes de tu perro mientras promete horas de diversi\u00f3n. Y s\u00ed, puede que eventualmente se desgaste, \u00a1pero eso solo demuestra que es el favorito de tu buen chico o chica! <\/span><\/li>\n<li class=\"a-spacing-mini\"><span class=\"a-list-item\"> Textura Suave y Duradera &#8211; El material de pana ofrece una textura el\u00e1stica, haciendo de este juguete una excelente opci\u00f3n para el juego de los perros. <\/span><\/li>\n<li class=\"a-spacing-mini\"><span class=\"a-list-item\"> Masticar, Buscar y Aliviar el Estr\u00e9s \u2013 Ideal para estimular los instintos naturales de masticaci\u00f3n de tu perro, este juguete es perfecto para el tiempo de juego, buscar y como juguete de consuelo. Nota: Para perros con masticaci\u00f3n agresiva, este juguete podr\u00eda romperse. <\/span><\/li>\n<li class=\"a-spacing-mini\"><span class=\"a-list-item\"> Chirrido Atractivo e Interactivo \u2013 El silbato BB incorporado emite un encantador sonido chirriante cada vez que se aprieta, proporcionando un elemento interactivo que mantiene la atenci\u00f3n de tu mascota. <\/span><\/li>\n<\/ul>\n","protected":false},"excerpt":{"rendered":"<p>Este adorable juguete de peluche con dise\u00f1o de hipop\u00f3tamo-drag\u00f3n rosa combina encanto y funcionalidad, convirti\u00e9ndose en el compa\u00f1ero perfecto para perros de todas las edades y tama\u00f1os. Fabricado con pana suave y duradera, protege los dientes de tu mascota mientras estimula sus instintos naturales de masticaci\u00f3n y juego. Ideal para masticar, buscar o aliviar el estr\u00e9s, su textura el\u00e1stica y el chirrido interactivo integrado aseguran horas de entretenimiento. Aunque no est\u00e1 dise\u00f1ado para masticadores agresivos, su encanto irresistible lo hace un favorito instant\u00e1neo para tu buen chico o chica.<\/p>\n","protected":false},"featured_media":314,"comment_status":"open","ping_status":"closed","template":"","meta":[],"product_brand":[],"product_cat":[37,40],"product_tag":[],"class_list":{"0":"post-306","1":"product","2":"type-product","3":"status-publish","4":"has-post-thumbnail","6":"product_cat-animales-domesticos","7":"product_cat-perro-animales-domesticos","9":"first","10":"instock","11":"taxable","12":"shipping-taxable","13":"purchasable","14":"product-type-variable"},"jetpack_sharing_enabled":true,"_links":{"self":[{"href":"https:\/\/rromerocarretero.ieti.site\/wordpress\/wp-json\/wp\/v2\/product\/306","targetHints":{"allow":["GET"]}}],"collection":[{"href":"https:\/\/rromerocarretero.ieti.site\/wordpress\/wp-json\/wp\/v2\/product"}],"about":[{"href":"https:\/\/rromerocarretero.ieti.site\/wordpress\/wp-json\/wp\/v2\/types\/product"}],"replies":[{"embeddable":true,"href":"https:\/\/rromerocarretero.ieti.site\/wordpress\/wp-json\/wp\/v2\/comments?post=306"}],"wp:featuredmedia":[{"embeddable":true,"href":"https:\/\/rromerocarretero.ieti.site\/wordpress\/wp-json\/wp\/v2\/media\/314"}],"wp:attachment":[{"href":"https:\/\/rromerocarretero.ieti.site\/wordpress\/wp-json\/wp\/v2\/media?parent=306"}],"wp:term":[{"taxonomy":"product_brand","embeddable":true,"href":"https:\/\/rromerocarretero.ieti.site\/wordpress\/wp-json\/wp\/v2\/product_brand?post=306"},{"taxonomy":"product_cat","embeddable":true,"href":"https:\/\/rromerocarretero.ieti.site\/wordpress\/wp-json\/wp\/v2\/product_cat?post=306"},{"taxonomy":"product_tag","embeddable":true,"href":"https:\/\/rromerocarretero.ieti.site\/wordpress\/wp-json\/wp\/v2\/product_tag?post=306"}],"curies":[{"name":"wp","href":"https:\/\/api.w.org\/{rel}","templated":true}]}}