{"id":346,"date":"2024-12-15T17:21:37","date_gmt":"2024-12-15T17:21:37","guid":{"rendered":"https:\/\/rromerocarretero.ieti.site\/wordpress\/?post_type=product&#038;p=346"},"modified":"2025-01-17T10:51:21","modified_gmt":"2025-01-17T10:51:21","slug":"adiestra-en-positivo-enric-rodriguez","status":"publish","type":"product","link":"https:\/\/rromerocarretero.ieti.site\/wordpress\/producto\/adiestra-en-positivo-enric-rodriguez\/","title":{"rendered":"Adiestra en positivo &#8211; Enric Rodr\u00edguez"},"content":{"rendered":"<div class=\"a-expander-content a-expander-partial-collapse-content a-expander-content-expanded\" data-expanded=\"true\">\n<p><span class=\"a-text-bold\">La gu\u00eda imprescindible para educar a tu perro desde el respeto con <\/span><span class=\"a-text-bold a-text-italic\">Enric en positivo<\/span><span class=\"a-text-bold\">, el canal de adiestramiento canino m\u00e1s visto de Espa\u00f1a.<\/span><\/p>\n<p>Si quieres adiestrar a tu perro, o corregir problemas de comportamiento sin tener que acudir a m\u00e9todos basados en el miedo y en el dolor, \u00a1esta es tu gu\u00eda! En <span class=\"a-text-italic\">Adiestra en positivo<\/span> encontrar\u00e1s nociones b\u00e1sicas sobre psicolog\u00eda canina, consejos para evitar malas conductas, y trucos y habilidades para ense\u00f1arles desde el cari\u00f1o.<\/p>\n<p>Enric Rodr\u00edguez, titulado en adiestramiento canino desde hace m\u00e1s de veinte a\u00f1os y creador del canal de YouTube sobre adiestramiento m\u00e1s visto de Espa\u00f1a, apuesta por t\u00e9cnicas no violentas que te ser\u00e1n de utilidad para entender y mejorar el comportamiento de tu perro, pero, sobre todo, para educarlo y enriquecer vuestra conexi\u00f3n como un miembro m\u00e1s de la familia.<\/p>\n<\/div>\n","protected":false},"excerpt":{"rendered":"<p>La gu\u00eda imprescindible para educar a tu perro con respeto, \u00abAdiestra en positivo\u00bb, es tu recurso ideal para corregir problemas de comportamiento sin recurrir a m\u00e9todos dolorosos o basados en el miedo. Enric Rodr\u00edguez, con m\u00e1s de veinte a\u00f1os de experiencia en adiestramiento canino y creador del canal de YouTube m\u00e1s visto de Espa\u00f1a, te ofrece nociones sobre psicolog\u00eda canina, consejos pr\u00e1cticos para evitar malas conductas y t\u00e9cnicas para ense\u00f1ar a tu perro con cari\u00f1o y empat\u00eda. Apuesta por un enfoque no violento que fortalecer\u00e1 la relaci\u00f3n con tu mascota, promoviendo una convivencia armoniosa y enriquecedora para toda la familia.<\/p>\n","protected":false},"featured_media":348,"comment_status":"open","ping_status":"closed","template":"","meta":[],"product_brand":[],"product_cat":[37,40],"product_tag":[],"class_list":{"0":"post-346","1":"product","2":"type-product","3":"status-publish","4":"has-post-thumbnail","6":"product_cat-animales-domesticos","7":"product_cat-perro-animales-domesticos","9":"first","10":"instock","11":"downloadable","12":"taxable","13":"shipping-taxable","14":"purchasable","15":"product-type-simple"},"jetpack_sharing_enabled":true,"_links":{"self":[{"href":"https:\/\/rromerocarretero.ieti.site\/wordpress\/wp-json\/wp\/v2\/product\/346","targetHints":{"allow":["GET"]}}],"collection":[{"href":"https:\/\/rromerocarretero.ieti.site\/wordpress\/wp-json\/wp\/v2\/product"}],"about":[{"href":"https:\/\/rromerocarretero.ieti.site\/wordpress\/wp-json\/wp\/v2\/types\/product"}],"replies":[{"embeddable":true,"href":"https:\/\/rromerocarretero.ieti.site\/wordpress\/wp-json\/wp\/v2\/comments?post=346"}],"wp:featuredmedia":[{"embeddable":true,"href":"https:\/\/rromerocarretero.ieti.site\/wordpress\/wp-json\/wp\/v2\/media\/348"}],"wp:attachment":[{"href":"https:\/\/rromerocarretero.ieti.site\/wordpress\/wp-json\/wp\/v2\/media?parent=346"}],"wp:term":[{"taxonomy":"product_brand","embeddable":true,"href":"https:\/\/rromerocarretero.ieti.site\/wordpress\/wp-json\/wp\/v2\/product_brand?post=346"},{"taxonomy":"product_cat","embeddable":true,"href":"https:\/\/rromerocarretero.ieti.site\/wordpress\/wp-json\/wp\/v2\/product_cat?post=346"},{"taxonomy":"product_tag","embeddable":true,"href":"https:\/\/rromerocarretero.ieti.site\/wordpress\/wp-json\/wp\/v2\/product_tag?post=346"}],"curies":[{"name":"wp","href":"https:\/\/api.w.org\/{rel}","templated":true}]}}