{"id":363,"date":"2024-12-15T18:05:36","date_gmt":"2024-12-15T18:05:36","guid":{"rendered":"https:\/\/rromerocarretero.ieti.site\/wordpress\/?post_type=product&#038;p=363"},"modified":"2025-01-17T10:35:39","modified_gmt":"2025-01-17T10:35:39","slug":"soporte-ajustable-para-perchas-de-pajaros-versatilidad-comodidad-y-mejora-en-el-entrenamiento","status":"publish","type":"product","link":"https:\/\/rromerocarretero.ieti.site\/wordpress\/producto\/soporte-ajustable-para-perchas-de-pajaros-versatilidad-comodidad-y-mejora-en-el-entrenamiento\/","title":{"rendered":"Soporte Ajustable para Perchas de P\u00e1jaros: Versatilidad, Comodidad y Mejora en el Entrenamiento"},"content":{"rendered":"<p><strong>Acerca de este producto<\/strong><\/p>\n<ul>\n<li><strong>Versatilidad de altura<\/strong>: Mejore la experiencia de entrenamiento de su p\u00e1jaro con nuestro soporte ajustable para perchas, que se ajusta f\u00e1cilmente entre 40 y 61,81 pulgadas. Elija la altura m\u00e1s adecuada para el bienestar y progreso de su ave, adapt\u00e1ndose a sus necesidades.<\/li>\n<li><strong>Facilidad de uso<\/strong>: Nuestro tr\u00edpode es f\u00e1cil de desplegar y permite una instalaci\u00f3n r\u00e1pida y sin complicaciones. Su altura ajustable asegura una colocaci\u00f3n c\u00f3moda, y su dise\u00f1o intuitivo lo convierte en una herramienta imprescindible para los amantes de las aves.<\/li>\n<li><strong>Agarre c\u00f3modo<\/strong>: Las perchas ajustables est\u00e1n hechas de madera de pimienta masticable, ofreciendo superficies texturizadas y c\u00f3modas para que los p\u00e1jaros se sujeten con facilidad. La estructura de metal resistente garantiza un uso duradero, mientras que su dise\u00f1o plegable agrega conveniencia adicional.<\/li>\n<li><strong>Mejora del entrenamiento<\/strong>: Este soporte es ideal para mejorar las habilidades de vuelo de su loro o cualquier ave. Proporciona una plataforma de descanso c\u00f3moda y un espacio de entrenamiento tanto para interiores como exteriores, ayudando a su amigo emplumado a volar y jugar con mayor libertad.<\/li>\n<li><strong>Amplia aplicaci\u00f3n<\/strong>: Las perchas ajustables son perfectas para aves de tama\u00f1o peque\u00f1o y mediano, como guacamayos, periquitos y tortolitos. Ofrecen un h\u00e1bitat vers\u00e1til y acogedor para jugar, descansar y entrenar, mejorando la comodidad y el bienestar de sus mascotas.<\/li>\n<\/ul>\n","protected":false},"excerpt":{"rendered":"<ul>\n<li><strong>Soporte ajustable para aves<\/strong>: Dise\u00f1ado para adaptarse a las necesidades de entrenamiento y descanso de tus p\u00e1jaros, este soporte ofrece una altura ajustable entre 40 y 61,81 pulgadas para mayor versatilidad.<\/li>\n<li><strong>Comodidad y durabilidad<\/strong>: Con perchas de madera de pimienta masticable y una estructura met\u00e1lica resistente, es ideal para aves peque\u00f1as y medianas, mejorando su bienestar y brindando un espacio seguro para volar, jugar y descansar.<\/li>\n<\/ul>\n","protected":false},"featured_media":364,"comment_status":"open","ping_status":"closed","template":"","meta":[],"product_brand":[],"product_cat":[37,41],"product_tag":[],"class_list":{"0":"post-363","1":"product","2":"type-product","3":"status-publish","4":"has-post-thumbnail","6":"product_cat-animales-domesticos","7":"product_cat-pajaro","9":"first","10":"instock","11":"taxable","12":"shipping-taxable","13":"purchasable","14":"product-type-simple"},"jetpack_sharing_enabled":true,"_links":{"self":[{"href":"https:\/\/rromerocarretero.ieti.site\/wordpress\/wp-json\/wp\/v2\/product\/363","targetHints":{"allow":["GET"]}}],"collection":[{"href":"https:\/\/rromerocarretero.ieti.site\/wordpress\/wp-json\/wp\/v2\/product"}],"about":[{"href":"https:\/\/rromerocarretero.ieti.site\/wordpress\/wp-json\/wp\/v2\/types\/product"}],"replies":[{"embeddable":true,"href":"https:\/\/rromerocarretero.ieti.site\/wordpress\/wp-json\/wp\/v2\/comments?post=363"}],"wp:featuredmedia":[{"embeddable":true,"href":"https:\/\/rromerocarretero.ieti.site\/wordpress\/wp-json\/wp\/v2\/media\/364"}],"wp:attachment":[{"href":"https:\/\/rromerocarretero.ieti.site\/wordpress\/wp-json\/wp\/v2\/media?parent=363"}],"wp:term":[{"taxonomy":"product_brand","embeddable":true,"href":"https:\/\/rromerocarretero.ieti.site\/wordpress\/wp-json\/wp\/v2\/product_brand?post=363"},{"taxonomy":"product_cat","embeddable":true,"href":"https:\/\/rromerocarretero.ieti.site\/wordpress\/wp-json\/wp\/v2\/product_cat?post=363"},{"taxonomy":"product_tag","embeddable":true,"href":"https:\/\/rromerocarretero.ieti.site\/wordpress\/wp-json\/wp\/v2\/product_tag?post=363"}],"curies":[{"name":"wp","href":"https:\/\/api.w.org\/{rel}","templated":true}]}}