{"id":373,"date":"2024-12-15T18:19:14","date_gmt":"2024-12-15T18:19:14","guid":{"rendered":"https:\/\/rromerocarretero.ieti.site\/wordpress\/?post_type=product&#038;p=373"},"modified":"2025-01-17T10:33:41","modified_gmt":"2025-01-17T10:33:41","slug":"set-completo-para-loro-juguetes-interactivos-y-palo-apoyador-para-el-bienestar-y-diversion-de-tu-mascota","status":"publish","type":"product","link":"https:\/\/rromerocarretero.ieti.site\/wordpress\/producto\/set-completo-para-loro-juguetes-interactivos-y-palo-apoyador-para-el-bienestar-y-diversion-de-tu-mascota\/","title":{"rendered":"Set Completo para Loro: Juguetes Interactivos y Palo Apoyador para el Bienestar y Diversi\u00f3n de tu Mascota"},"content":{"rendered":"<p>Este pack est\u00e1 dise\u00f1ado para ofrecer a tu loro una experiencia completa de diversi\u00f3n, ejercicio y descanso. Incluye un set de juguetes interactivos que estimular\u00e1n la mente de tu ave, promoviendo su actividad f\u00edsica y mental mientras disfruta de horas de entretenimiento. Los juguetes est\u00e1n hechos con materiales seguros y duraderos, ideales para satisfacer la necesidad natural de morder y explorar de los loros.<\/p>\n<p>Adem\u00e1s, el pack incluye un palo apoyador especialmente dise\u00f1ado para brindar un lugar c\u00f3modo y seguro donde tu loro pueda descansar, posarse y ejercitarse. Con un dise\u00f1o ergon\u00f3mico, este palo promueve una postura saludable y est\u00e1 hecho de materiales resistentes para garantizar su durabilidad.<\/p>\n<p>Con este set, tu loro disfrutar\u00e1 de una combinaci\u00f3n perfecta de juego, ejercicio y descanso, mejorando su bienestar general. Ideal para loros de todas las edades, este pack es una excelente opci\u00f3n para mantener a tu ave activa, feliz y saludable.<\/p>\n","protected":false},"excerpt":{"rendered":"<ul>\n<li>Este completo pack para loros combina juguetes interactivos y un palo apoyador ergon\u00f3mico para ofrecer entretenimiento, ejercicio y descanso en un solo set.<\/li>\n<li>Dise\u00f1ado con materiales seguros y duraderos, es ideal para mantener a tu loro activo, feliz y saludable mientras satisface sus instintos naturales.<\/li>\n<\/ul>\n","protected":false},"featured_media":375,"comment_status":"open","ping_status":"closed","template":"","meta":[],"product_brand":[],"product_cat":[37,41],"product_tag":[],"class_list":{"0":"post-373","1":"product","2":"type-product","3":"status-publish","4":"has-post-thumbnail","6":"product_cat-animales-domesticos","7":"product_cat-pajaro","9":"first","10":"instock","11":"taxable","12":"shipping-taxable","13":"product-type-grouped"},"jetpack_sharing_enabled":true,"_links":{"self":[{"href":"https:\/\/rromerocarretero.ieti.site\/wordpress\/wp-json\/wp\/v2\/product\/373","targetHints":{"allow":["GET"]}}],"collection":[{"href":"https:\/\/rromerocarretero.ieti.site\/wordpress\/wp-json\/wp\/v2\/product"}],"about":[{"href":"https:\/\/rromerocarretero.ieti.site\/wordpress\/wp-json\/wp\/v2\/types\/product"}],"replies":[{"embeddable":true,"href":"https:\/\/rromerocarretero.ieti.site\/wordpress\/wp-json\/wp\/v2\/comments?post=373"}],"wp:featuredmedia":[{"embeddable":true,"href":"https:\/\/rromerocarretero.ieti.site\/wordpress\/wp-json\/wp\/v2\/media\/375"}],"wp:attachment":[{"href":"https:\/\/rromerocarretero.ieti.site\/wordpress\/wp-json\/wp\/v2\/media?parent=373"}],"wp:term":[{"taxonomy":"product_brand","embeddable":true,"href":"https:\/\/rromerocarretero.ieti.site\/wordpress\/wp-json\/wp\/v2\/product_brand?post=373"},{"taxonomy":"product_cat","embeddable":true,"href":"https:\/\/rromerocarretero.ieti.site\/wordpress\/wp-json\/wp\/v2\/product_cat?post=373"},{"taxonomy":"product_tag","embeddable":true,"href":"https:\/\/rromerocarretero.ieti.site\/wordpress\/wp-json\/wp\/v2\/product_tag?post=373"}],"curies":[{"name":"wp","href":"https:\/\/api.w.org\/{rel}","templated":true}]}}