{"id":376,"date":"2024-12-15T18:25:40","date_gmt":"2024-12-15T18:25:40","guid":{"rendered":"https:\/\/rromerocarretero.ieti.site\/wordpress\/?post_type=product&#038;p=376"},"modified":"2025-01-17T10:24:28","modified_gmt":"2025-01-17T10:24:28","slug":"tote-bag-de-ballena-lleva-la-conciencia-y-ayuda-a-las-ballenas","status":"publish","type":"product","link":"https:\/\/rromerocarretero.ieti.site\/wordpress\/producto\/tote-bag-de-ballena-lleva-la-conciencia-y-ayuda-a-las-ballenas\/","title":{"rendered":"Tote Bag de Ballena: \u00a1Lleva la Conciencia y Ayuda a las Ballenas!"},"content":{"rendered":"<p>Nuestra <strong>Tote Bag de Ballena<\/strong> no es solo un accesorio \u00fanico y funcional, sino tambi\u00e9n una forma de contribuir al bienestar de estos majestuosos animales. Con un dise\u00f1o inspirado en la belleza de las ballenas, esta bolsa est\u00e1 hecha para que puedas llevar tu amor por el oc\u00e9ano y la vida marina a donde vayas.<\/p>\n<p><strong>Lo mejor de todo<\/strong> es que el <strong>70% de los beneficios de cada venta ser\u00e1n donados a organizaciones dedicadas a la conservaci\u00f3n de las ballenas<\/strong>. Al comprar esta tote bag, no solo estar\u00e1s adquiriendo un producto ecol\u00f3gico y con estilo, sino que tambi\u00e9n estar\u00e1s apoyando directamente proyectos que trabajan para proteger a las ballenas y su h\u00e1bitat natural.<\/p>\n<p>Cada vez que uses esta bolsa, estar\u00e1s contribuyendo a una causa m\u00e1s grande. No solo haces una elecci\u00f3n consciente en tu d\u00eda a d\u00eda, sino que tambi\u00e9n participas activamente en la protecci\u00f3n de las ballenas para las futuras generaciones.<\/p>\n<p>\u00a1Haz tu parte por el oc\u00e9ano y lleva contigo un s\u00edmbolo de esperanza con nuestra Tote Bag de Ballena!<\/p>\n","protected":false},"excerpt":{"rendered":"<ul>\n<li>\u00a1Lleva contigo el esp\u00edritu del oc\u00e9ano con nuestra Tote Bag de Ballena, un accesorio ecol\u00f3gico y con estilo que apoya la conservaci\u00f3n de estos majestuosos animales!<\/li>\n<li>Con el 70% de las ganancias destinadas a proteger a las ballenas y su h\u00e1bitat, esta bolsa no es solo una elecci\u00f3n consciente, sino un s\u00edmbolo de esperanza para el futuro del oc\u00e9ano.<\/li>\n<\/ul>\n","protected":false},"featured_media":377,"comment_status":"open","ping_status":"closed","template":"","meta":[],"product_brand":[],"product_cat":[36,35],"product_tag":[],"class_list":{"0":"post-376","1":"product","2":"type-product","3":"status-publish","4":"has-post-thumbnail","6":"product_cat-ballena","7":"product_cat-benefico","9":"first","10":"instock","11":"sale","12":"taxable","13":"shipping-taxable","14":"purchasable","15":"product-type-simple"},"jetpack_sharing_enabled":true,"_links":{"self":[{"href":"https:\/\/rromerocarretero.ieti.site\/wordpress\/wp-json\/wp\/v2\/product\/376","targetHints":{"allow":["GET"]}}],"collection":[{"href":"https:\/\/rromerocarretero.ieti.site\/wordpress\/wp-json\/wp\/v2\/product"}],"about":[{"href":"https:\/\/rromerocarretero.ieti.site\/wordpress\/wp-json\/wp\/v2\/types\/product"}],"replies":[{"embeddable":true,"href":"https:\/\/rromerocarretero.ieti.site\/wordpress\/wp-json\/wp\/v2\/comments?post=376"}],"wp:featuredmedia":[{"embeddable":true,"href":"https:\/\/rromerocarretero.ieti.site\/wordpress\/wp-json\/wp\/v2\/media\/377"}],"wp:attachment":[{"href":"https:\/\/rromerocarretero.ieti.site\/wordpress\/wp-json\/wp\/v2\/media?parent=376"}],"wp:term":[{"taxonomy":"product_brand","embeddable":true,"href":"https:\/\/rromerocarretero.ieti.site\/wordpress\/wp-json\/wp\/v2\/product_brand?post=376"},{"taxonomy":"product_cat","embeddable":true,"href":"https:\/\/rromerocarretero.ieti.site\/wordpress\/wp-json\/wp\/v2\/product_cat?post=376"},{"taxonomy":"product_tag","embeddable":true,"href":"https:\/\/rromerocarretero.ieti.site\/wordpress\/wp-json\/wp\/v2\/product_tag?post=376"}],"curies":[{"name":"wp","href":"https:\/\/api.w.org\/{rel}","templated":true}]}}