{"id":412,"date":"2024-12-17T15:35:40","date_gmt":"2024-12-17T15:35:40","guid":{"rendered":"https:\/\/rromerocarretero.ieti.site\/wordpress\/?post_type=product&#038;p=412"},"modified":"2025-01-17T10:46:21","modified_gmt":"2025-01-17T10:46:21","slug":"rodillo-reutilizable-quitapelos-para-mascotas-cepillo-de-limpieza-eficaz-para-gatos-y-perros","status":"publish","type":"product","link":"https:\/\/rromerocarretero.ieti.site\/wordpress\/producto\/rodillo-reutilizable-quitapelos-para-mascotas-cepillo-de-limpieza-eficaz-para-gatos-y-perros\/","title":{"rendered":"Rodillo Reutilizable Quitapelos para Mascotas \u2013 Cepillo de Limpieza Eficaz para Gatos y Perros"},"content":{"rendered":"<p>\u00a1Descubre la soluci\u00f3n perfecta para mantener tu hogar libre de pelos de mascotas con nuestro <strong>Rodillo Removedor de Pelo de Mascotas<\/strong>! Este innovador rodillo es ideal para limpiar r\u00e1pidamente muebles, alfombras, sof\u00e1s, cojines, camas para mascotas y m\u00e1s, eliminando eficazmente hasta el pelo m\u00e1s pegajoso. Con solo un par de pasadas, podr\u00e1s recoger m\u00e1s pelos que con un limpiador de alfombras tradicional.<\/p>\n<p>Gracias a su capacidad de autolimpieza, olv\u00eddate de fregar. Solo necesitas girar las almohadillas de silicona del cepillo, y el rodillo se limpia autom\u00e1ticamente, dej\u00e1ndote listo para seguir limpiando. Adem\u00e1s, al presionar el bot\u00f3n de liberaci\u00f3n, podr\u00e1s vaciar f\u00e1cilmente el dep\u00f3sito de pelos y desechos.<\/p>\n<p>El <strong>Rodillo Removedor de Pelo de Mascotas<\/strong> es perfecto para usar en una amplia variedad de superficies, como terciopelo, tela, alfombras, cortinas y m\u00e1s. Funciona de maravilla no solo con el pelo de perros, gatos y conejos, sino tambi\u00e9n con polvo y pelusa en general, proporcionando una limpieza completa y r\u00e1pida.<\/p>\n<p>Adem\u00e1s de ser eficaz, es una opci\u00f3n <strong>econ\u00f3mica y ecol\u00f3gica<\/strong>: reutilizable y sin necesidad de gastar en hojas desechables. \u00a1Dile adi\u00f3s a los pelos de mascotas en tu hogar y disfruta de un ambiente limpio y libre de desorden!<\/p>\n","protected":false},"excerpt":{"rendered":"<ul>\n<li>\u00a1Mant\u00e9n tu hogar impecable y libre de pelos de mascotas con nuestro Rodillo Removedor, ideal para limpiar muebles, alfombras y m\u00e1s en solo segundos!<\/li>\n<li>Gracias a su autolimpieza y dise\u00f1o reutilizable, este rodillo es la soluci\u00f3n econ\u00f3mica y ecol\u00f3gica para decir adi\u00f3s al pelo m\u00e1s pegajoso.<\/li>\n<\/ul>\n","protected":false},"featured_media":417,"comment_status":"open","ping_status":"closed","template":"","meta":[],"product_brand":[],"product_cat":[37,38],"product_tag":[],"class_list":{"0":"post-412","1":"product","2":"type-product","3":"status-publish","4":"has-post-thumbnail","6":"product_cat-animales-domesticos","7":"product_cat-gato","9":"first","10":"outofstock","11":"taxable","12":"shipping-taxable","13":"purchasable","14":"product-type-simple"},"jetpack_sharing_enabled":true,"_links":{"self":[{"href":"https:\/\/rromerocarretero.ieti.site\/wordpress\/wp-json\/wp\/v2\/product\/412","targetHints":{"allow":["GET"]}}],"collection":[{"href":"https:\/\/rromerocarretero.ieti.site\/wordpress\/wp-json\/wp\/v2\/product"}],"about":[{"href":"https:\/\/rromerocarretero.ieti.site\/wordpress\/wp-json\/wp\/v2\/types\/product"}],"replies":[{"embeddable":true,"href":"https:\/\/rromerocarretero.ieti.site\/wordpress\/wp-json\/wp\/v2\/comments?post=412"}],"wp:featuredmedia":[{"embeddable":true,"href":"https:\/\/rromerocarretero.ieti.site\/wordpress\/wp-json\/wp\/v2\/media\/417"}],"wp:attachment":[{"href":"https:\/\/rromerocarretero.ieti.site\/wordpress\/wp-json\/wp\/v2\/media?parent=412"}],"wp:term":[{"taxonomy":"product_brand","embeddable":true,"href":"https:\/\/rromerocarretero.ieti.site\/wordpress\/wp-json\/wp\/v2\/product_brand?post=412"},{"taxonomy":"product_cat","embeddable":true,"href":"https:\/\/rromerocarretero.ieti.site\/wordpress\/wp-json\/wp\/v2\/product_cat?post=412"},{"taxonomy":"product_tag","embeddable":true,"href":"https:\/\/rromerocarretero.ieti.site\/wordpress\/wp-json\/wp\/v2\/product_tag?post=412"}],"curies":[{"name":"wp","href":"https:\/\/api.w.org\/{rel}","templated":true}]}}